{"id":3,"date":"2025-05-02T08:20:36","date_gmt":"2025-05-02T08:20:36","guid":{"rendered":"http:\/\/drcuno.aif-staging.com\/?page_id=3"},"modified":"2025-07-01T07:31:35","modified_gmt":"2025-07-01T07:31:35","slug":"privacy-policy","status":"publish","type":"page","link":"https:\/\/drcuno.aif-staging.com\/de\/privacy-policy\/","title":{"rendered":"Privacy Policy"},"content":{"rendered":"<p>[et_pb_section fb_built=&#8221;1&#8243; custom_padding_last_edited=&#8221;on|phone&#8221; _builder_version=&#8221;4.27.4&#8243; _module_preset=&#8221;default&#8221; background_color=&#8221;#000000&#8243; use_background_color_gradient=&#8221;on&#8221; background_color_gradient_stops=&#8221;rgba(0,0,0,0.8) 0%|rgba(0,0,0,0.8) 100%&#8221; background_color_gradient_overlays_image=&#8221;on&#8221; background_image=&#8221;https:\/\/drcuno.aif-staging.com\/wp-content\/uploads\/2025\/05\/contact-appointment-mr-cuno-surgeon.jpg&#8221; custom_margin=&#8221;-80px||||false|false&#8221; custom_padding=&#8221;100px||||false|false&#8221; custom_padding_tablet=&#8221;80px||0px||false|false&#8221; custom_padding_phone=&#8221;50px||0px||false|false&#8221; global_colors_info=&#8221;{}&#8221;][et_pb_row column_structure=&#8221;2_3,1_3&#8243; custom_padding_last_edited=&#8221;on|phone&#8221; _builder_version=&#8221;4.27.4&#8243; _module_preset=&#8221;default&#8221; custom_padding_tablet=&#8221;0px||0px||true|false&#8221; custom_padding_phone=&#8221;0px||0px||true|false&#8221; global_colors_info=&#8221;{}&#8221;][et_pb_column type=&#8221;2_3&#8243; _builder_version=&#8221;4.27.4&#8243; _module_preset=&#8221;default&#8221; global_colors_info=&#8221;{}&#8221;][et_pb_text module_class=&#8221;gsap-diapo-up play-again revert&#8221; _builder_version=&#8221;4.27.4&#8243; _module_preset=&#8221;default&#8221; text_font=&#8221;|300|||||||&#8221; text_text_color=&#8221;#FFFFFF&#8221; text_font_size=&#8221;20px&#8221; text_letter_spacing=&#8221;1px&#8221; header_font=&#8221;|300|||||||&#8221; header_text_color=&#8221;#FFFFFF&#8221; header_font_size=&#8221;70px&#8221; max_width=&#8221;480px&#8221; max_width_tablet=&#8221;480px&#8221; max_width_phone=&#8221;480px&#8221; max_width_last_edited=&#8221;on|desktop&#8221; custom_margin=&#8221;50px||70px||false|false&#8221; custom_margin_tablet=&#8221;70px||70px||true|false&#8221; custom_margin_phone=&#8221;60px||60px||true|false&#8221; custom_margin_last_edited=&#8221;on|phone&#8221; hover_enabled=&#8221;0&#8243; header_font_size_tablet=&#8221;55px&#8221; header_font_size_phone=&#8221;35px&#8221; header_font_size_last_edited=&#8221;on|phone&#8221; global_colors_info=&#8221;{}&#8221; sticky_enabled=&#8221;0&#8243;]<\/p>\n<h1>Erkl\u00e4rung zum Datenschutz<\/h1>\n<p>Center for facial, ENT and plastic surgery[\/et_pb_text][\/et_pb_column][et_pb_column type=&#8221;1_3&#8243; _builder_version=&#8221;4.27.4&#8243; _module_preset=&#8221;default&#8221; global_colors_info=&#8221;{}&#8221;][\/et_pb_column][\/et_pb_row][\/et_pb_section][et_pb_section fb_built=&#8221;1&#8243; _builder_version=&#8221;4.27.4&#8243; _module_preset=&#8221;default&#8221; custom_margin=&#8221;||||false|false&#8221; custom_margin_tablet=&#8221;||||false|false&#8221; custom_margin_phone=&#8221;||50px||false|false&#8221; custom_margin_last_edited=&#8221;off|tablet&#8221; link_option_url=&#8221;https:\/\/drcuno.aif-staging.com\/contact-us\/&#8221; global_colors_info=&#8221;{}&#8221;][et_pb_row custom_padding_last_edited=&#8221;on|tablet&#8221; _builder_version=&#8221;4.27.4&#8243; _module_preset=&#8221;default&#8221; custom_margin=&#8221;||||false|false&#8221; custom_margin_tablet=&#8221;||0px||false|false&#8221; custom_margin_last_edited=&#8221;off|desktop&#8221; custom_padding=&#8221;|5%||5%|false|true&#8221; custom_padding_tablet=&#8221;|0%|0px|0%|false|true&#8221; custom_padding_phone=&#8221;|0%|0px|0%|false|true&#8221; global_colors_info=&#8221;{}&#8221;][et_pb_column type=&#8221;4_4&#8243; _builder_version=&#8221;4.27.4&#8243; _module_preset=&#8221;default&#8221; global_colors_info=&#8221;{}&#8221;][et_pb_text _builder_version=&#8221;4.27.4&#8243; _module_preset=&#8221;default&#8221; text_font=&#8221;|&#8211;et_global_body_font_weight|||||||&#8221; text_line_height=&#8221;1.6em&#8221; max_width_phone=&#8221;500px&#8221; max_width_last_edited=&#8221;off|desktop&#8221; module_alignment=&#8221;left&#8221; custom_margin=&#8221;||15px||false|false&#8221; hover_enabled=&#8221;0&#8243; global_colors_info=&#8221;{}&#8221; sticky_enabled=&#8221;0&#8243;]We attach great importance to the protection of your data and the preservation of your privacy. Below we inform you in an easy-to-understand language about the collection and use of personal data when using our website.<\/p>\n<h2>Erhebung, Verarbeitung und Nutzung von personenbezogenen Daten<\/h2>\n<p>Beim Besuch unserer Website swissplasticclinic.com speichert der Server (Webserver), auf dem sich unsere Website befindet, automatisch Informationen in sogenannten \"Logfiles\". Zu den in den Logfiles gespeicherten Informationen geh\u00f6rt neben der Uhrzeit, dem Browser und dem Betriebssystem auch die IP-Adresse eines Computers. Die vom Webserver erzeugten Logfiles werden von uns ausschlie\u00dflich zu sicherheitsrelevanten Zwecken, wie z.B. zur Ermittlung von unberechtigten Zugriffen im Falle eines Hacking-Versuches, verwendet und niemals mit anderen Datenquellen zusammengef\u00fchrt. Unser Webserver ist so konfiguriert, dass die Logfiles automatisch vor Ablauf der gesetzlichen Fristen gel\u00f6scht werden.<\/p>\n<p>Sonstige personenbezogene Daten (Einzelangaben \u00fcber pers\u00f6nliche oder sachliche Verh\u00e4ltnisse einer bestimmten oder bestimmbaren nat\u00fcrlichen Person) werden nur in dem von Ihnen angegebenen Umfang erhoben. Die Verarbeitung und Nutzung aller personenbezogenen Daten erfolgt ausschlie\u00dflich zur Erf\u00fcllung und Abwicklung Ihrer Bestellung sowie zur Bearbeitung Ihrer Anfragen. Nach vollst\u00e4ndiger Abwicklung des Vertrages werden die personenbezogenen Daten zun\u00e4chst unter Beachtung steuer- und handelsrechtlicher Aufbewahrungsfristen gespeichert und nach Ablauf der Frist gel\u00f6scht, sofern Sie nicht in die weitere Verarbeitung und Nutzung eingewilligt haben.<\/p>\n<h2>Erhebung und Verarbeitung von personenbezogenen Daten \u00fcber das Kontaktformular<\/h2>\n<p>Bei Verwendung des Kontaktformulars erheben wir personenbezogene Daten (Einzelangaben \u00fcber pers\u00f6nliche oder sachliche Verh\u00e4ltnisse einer bestimmten oder bestimmbaren nat\u00fcrlichen Person) nur in dem von Ihnen angegebenen Umfang. Ihre E-Mail-Adresse verwenden wir nur, um Ihre Anfrage zu bearbeiten. Anschlie\u00dfend werden Ihre Daten gel\u00f6scht, es sei denn, Sie haben in die weitere Verarbeitung und Nutzung eingewilligt.<\/p>\n<h2>Weitergabe von personenbezogenen Daten<\/h2>\n<p>Es erfolgt keine Weitergabe Ihrer Daten an Dritte ohne Ihre Einwilligung. Ausgenommen hiervon sind lediglich unsere Dienstleistungspartner, die wir zur Abwicklung des Vertragsverh\u00e4ltnisses ben\u00f6tigen. Der Umfang der Daten\u00fcbermittlung beschr\u00e4nkt sich auf ein Mindestma\u00df. Eine Weitergabe Ihrer E-Mail-Adresse an den Versanddienstleister findet zu keinem Zeitpunkt statt.<\/p>\n<h2>Google Web-Schriftarten<\/h2>\n<p>Diese Seite verwendet zur einheitlichen Darstellung von Schriftarten sogenannte Webfonts, die von Google bereitgestellt werden. Wenn Sie eine Seite aufrufen, l\u00e4dt Ihr Browser die ben\u00f6tigten Webfonts in Ihren Browsercache, um Texte und Schriften korrekt darzustellen.<br \/>\nDazu muss der von Ihnen verwendete Browser eine Verbindung zu den Servern von Google herstellen. Hierdurch erf\u00e4hrt Google, dass \u00fcber Ihre IP-Adresse auf unsere Website zugegriffen wurde. Der Einsatz von Google Web Fonts erfolgt im Interesse einer gleichbleibend responsiven und schnellen Darstellung unseres Onlineangebotes. Dies stellt ein berechtigtes Interesse im Sinne von Art. 6 Abs.. 1 lit. f DSGVO dar.<\/p>\n<p>Wenn Ihr Browser keine Webschriftarten unterst\u00fctzt, wird eine Standardschriftart von Ihrem Computer verwendet.<br \/>\nWeitere Informationen \u00fcber Google Web Fonts finden Sie unter https:\/\/developers.google.com\/fonts\/faq und in den Datenschutzbestimmungen von Google: <a href=\"https:\/\/www.google.com\/policies\/privacy\/\" target=\"_blank\" rel=\"noopener\">https:\/\/www.google.com\/policies\/privacy\/<\/a>.<\/p>\n<h2>Google Maps<\/h2>\n<p>Wir verwenden Google Maps, um Ihnen den Weg zu unserem Unternehmen zu erleichtern.<br \/>\nDie Nutzung von Google Maps erfolgt im Interesse einer ansprechenden Darstellung unserer Online-Angebote und einer leichten Auffindbarkeit der von uns auf der Website angegebenen Orte. Dies stellt ein berechtigtes Interesse im Sinne von Art. 6 Abs.. 1 lit. f DSGVO dar.<\/p>\n<p>Weitere Informationen \u00fcber den Umgang mit Nutzerdaten finden Sie in den Datenschutzbestimmungen von Google: <a href=\"https:\/\/www.google.com\/intl\/en\/policies\/privacy\/\" target=\"_blank\" rel=\"noopener\">https:\/\/www.google.com\/intl\/en\/policies\/privacy\/<\/a>.<br \/>\nWeitere Informationen zu Google Maps finden Sie im Internet: <a href=\"https:\/\/www.google.com\/intl\/en_uk\/help\/terms_maps.html\" target=\"_blank\" rel=\"noopener\">https:\/\/www.google.com\/intl\/en_uk\/help\/terms_maps.html<\/a><\/p>\n<h2>Cookies<\/h2>\n<p>Unsere Webseiten verwenden an mehreren Stellen so genannte technisch notwendige Cookies. Cookies sind kleine Textdateien, die in Ihrem Browser gespeichert werden. Sie dienen dazu, unser Angebot funktionsf\u00e4higer und sicherer zu machen, und stellen somit ein berechtigtes Interesse im Sinne von Art. 6 (1) lit. Dar\u00fcber hinaus erm\u00f6glichen Cookies dem Webseitensystem, Ihren Browser zu erkennen und somit die optimale Version der Website auszuliefern - sei es die Desktop-Version oder eine f\u00fcr mobile Endger\u00e4te optimierte Version.<\/p>\n<h2>Zugang, Berichtigung, Sperrung und L\u00f6schung von Daten<\/h2>\n<p>You have the right to information about your stored data as well as the right of deletion at any time.[\/et_pb_text][et_pb_button button_url=&#8221;https:\/\/drcuno.aif-staging.com\/contact-us\/&#8221; button_text=&#8221;Contact us&#8221; _builder_version=&#8221;4.27.4&#8243; _module_preset=&#8221;default&#8221; custom_button=&#8221;on&#8221; button_text_size=&#8221;14px&#8221; button_text_color=&#8221;#FFFFFF&#8221; button_bg_color=&#8221;#000000&#8243; button_border_width=&#8221;1px&#8221; button_border_color=&#8221;#000000&#8243; button_border_radius=&#8221;25px&#8221; button_letter_spacing=&#8221;1px&#8221; button_font=&#8221;&#8211;et_global_body_font|500|||||||&#8221; button_use_icon=&#8221;off&#8221; custom_margin_tablet=&#8221;20px||20px||true|false&#8221; custom_margin_phone=&#8221;20px||20px||true|false&#8221; custom_margin_last_edited=&#8221;on|tablet&#8221; custom_padding=&#8221;6px|20px|6px|20px|true|true&#8221; global_colors_info=&#8221;{}&#8221; button_text_color__hover=&#8221;#000000&#8243; button_text_color__hover_enabled=&#8221;on|desktop&#8221; button_bg_color__hover=&#8221;RGBA(255,255,255,0)&#8221; button_bg_color__hover_enabled=&#8221;on|desktop&#8221; button_border_color__hover=&#8221;#FFFFFF&#8221; button_border_color__hover_enabled=&#8221;off|desktop&#8221; button_bg_enable_color__hover=&#8221;on&#8221;][\/et_pb_button][\/et_pb_column][\/et_pb_row][\/et_pb_section]<\/p>","protected":false},"excerpt":{"rendered":"<p>Privacy Statement Center for facial, ENT and plastic surgeryWe attach great importance to the protection of your data and the preservation of your privacy. Below we inform you in an easy-to-understand language about the collection and use of personal data when using our website. Collection, processing and use of personal data When visiting our website [&hellip;]<\/p>","protected":false},"author":1,"featured_media":0,"parent":0,"menu_order":0,"comment_status":"closed","ping_status":"open","template":"","meta":{"_et_pb_use_builder":"on","_et_pb_old_content":"<!-- wp:heading -->\r\n<h1><span style=\"font-weight: 400;\">Privacy Statement<\/span><\/h1>\r\n<p><span style=\"font-weight: 400;\">We attach great importance to the protection of your data and the preservation of your privacy. Below we inform you in an easy-to-understand language about the collection and use of personal data when using our website.<\/span><\/p>\r\n<h2 class=\"wp-block-heading\">Who we are<\/h2>\r\n<!-- \/wp:heading -->\r\n\r\n<!-- wp:paragraph -->\r\n<p>Our website address is: http:\/\/drcuno.com.<\/p>\r\n<!-- \/wp:paragraph -->\r\n\r\n<!-- wp:heading -->\r\n<h2><span style=\"font-weight: 400;\">Collection, processing and use of personal data<\/span><\/h2>\r\n<p><span style=\"font-weight: 400;\">When visiting our website swissplasticclinic.com, the server (web server) on which our website is located automatically saves information in so-called \u201clog files\u201d. In addition to the time, browser and operating system, the information stored in the log files also includes the IP address of a computer. The log files generated by the web server are used by us exclusively for security-related purposes, such as for the investigation of unauthorized access in the case of a hacking attempt and never combined with other data sources. Our web server is configured so that the logfiles are automatically deleted before the expiry of the statutory deadlines.<\/span><\/p>\r\n<p><span style=\"font-weight: 400;\">Other personal data (details about personal or factual circumstances of a particular or identifiable natural person) will only be recorded in the scope provided by you. The processing and use of all personal data takes place exclusively for the fulfillment and processing of your order as well as for processing your requests. After completion of the contract, the personal data are first stored under consideration of tax and commercial retention periods and then deleted after the deadline, unless you have consented to the further processing and use.<\/span><\/p>\r\n<h2><span style=\"font-weight: 400;\">Collection and processing of personal data using the contact form<\/span><\/h2>\r\n<p><span style=\"font-weight: 400;\">When using the contact form, we collect personal data (details about personal or factual circumstances of a specific or identifiable natural person) only in the scope provided by you. We only use your e-mail address to process your request. Your data will then be deleted, unless you have consented to further processing and use.<\/span><\/p>\r\n<h2><span style=\"font-weight: 400;\">Disclosure of personal data<\/span><\/h2>\r\n<p><span style=\"font-weight: 400;\">There is no transfer of your data to third parties without your consent. Excluded from this are only our service partners, which we need to process the contractual relationship. The amount of data transmission is limited to a minimum. Your e-mail address will not be forwarded to the shipping service provider at any time.<\/span><\/p>\r\n<h2><span style=\"font-weight: 400;\">Google Web Fonts<\/span><\/h2>\r\n<p><span style=\"font-weight: 400;\">This site uses so-called web fonts provided by Google for the uniform representation of fonts. When you call up a page, your browser loads the required web fonts into your browser cache to correctly display texts and fonts.<\/span><span style=\"font-weight: 400;\"><br \/><\/span><span style=\"font-weight: 400;\">To do this, the browser you use must connect to Google\u2019s servers. As a result, Google learns that our website has been accessed via your IP address. The use of Google Web Fonts is in the interest of a consistently responsive and fast presentation of our online services. This constitutes a legitimate interest within the meaning of Art. 6 para. 1 lit. f DSGVO.<\/span><span style=\"font-weight: 400;\"><br \/><\/span><span style=\"font-weight: 400;\">If your browser does not support web fonts, a default font will be used by your computer.<\/span><span style=\"font-weight: 400;\"><br \/><\/span><span style=\"font-weight: 400;\">More information about Google Web Fonts can be found at https:\/\/developers.google.com\/fonts\/faq and in Google\u2019s Privacy Policy: https:\/\/www.google.com\/policies\/privacy\/.<\/span><\/p>\r\n<h2><span style=\"font-weight: 400;\">Google Maps<\/span><\/h2>\r\n<p><span style=\"font-weight: 400;\">We use Google Maps to help you get to our business.<\/span><\/p>\r\n<p><span style=\"font-weight: 400;\">The use of Google Maps is in the interest of an attractive presentation of our online offers and an easy findability of the place we have indicated on the website. This constitutes a legitimate interest within the meaning of Art. 6 para. 1 lit. f DSGVO.<\/span><\/p>\r\n<p><span style=\"font-weight: 400;\">For more information on how user data is handled, please refer to the Google Privacy Policy: https:\/\/www.google.com\/intl\/en\/policies\/privacy\/.<\/span><\/p>\r\n<p><span style=\"font-weight: 400;\">For more information about Google Maps, visit: https:\/\/www.google.com\/intl\/en_uk\/help\/terms_maps.html<\/span><\/p>\r\n<h2><span style=\"font-weight: 400;\">Cookies<\/span><\/h2>\r\n<p><span style=\"font-weight: 400;\">Our websites use so-called technically necessary cookies in several places. Cookies are small text files that are stored in your browser. They serve to make our offer more functional and secure, and thus represent a legitimate interest within the meaning of Art. 6 (1) lit. Furthermore, cookies enable the website system to recognize your browser and thus deliver the optimal version of the website \u2013 be it the desktop version or a version optimized for mobile devices.<\/span><\/p>\r\n<h2><span style=\"font-weight: 400;\">Access, rectification, blocking and deletion of data<\/span><\/h2>\r\n<p><span style=\"font-weight: 400;\">You have the right to information about your stored data as well as the right of deletion at any time. Contact us.<\/span><\/p>\r\n<!-- \/wp:paragraph -->\r\n<p>\u00a0<\/p>","_et_gb_content_width":"","footnotes":""},"class_list":["post-3","page","type-page","status-publish","hentry"],"_links":{"self":[{"href":"https:\/\/drcuno.aif-staging.com\/de\/wp-json\/wp\/v2\/pages\/3","targetHints":{"allow":["GET"]}}],"collection":[{"href":"https:\/\/drcuno.aif-staging.com\/de\/wp-json\/wp\/v2\/pages"}],"about":[{"href":"https:\/\/drcuno.aif-staging.com\/de\/wp-json\/wp\/v2\/types\/page"}],"author":[{"embeddable":true,"href":"https:\/\/drcuno.aif-staging.com\/de\/wp-json\/wp\/v2\/users\/1"}],"replies":[{"embeddable":true,"href":"https:\/\/drcuno.aif-staging.com\/de\/wp-json\/wp\/v2\/comments?post=3"}],"version-history":[{"count":7,"href":"https:\/\/drcuno.aif-staging.com\/de\/wp-json\/wp\/v2\/pages\/3\/revisions"}],"predecessor-version":[{"id":1455,"href":"https:\/\/drcuno.aif-staging.com\/de\/wp-json\/wp\/v2\/pages\/3\/revisions\/1455"}],"wp:attachment":[{"href":"https:\/\/drcuno.aif-staging.com\/de\/wp-json\/wp\/v2\/media?parent=3"}],"curies":[{"name":"wp","href":"https:\/\/api.w.org\/{rel}","templated":true}]}}