{"id":3,"date":"2025-05-02T08:20:36","date_gmt":"2025-05-02T08:20:36","guid":{"rendered":"http:\/\/drcuno.aif-staging.com\/?page_id=3"},"modified":"2025-07-01T07:31:35","modified_gmt":"2025-07-01T07:31:35","slug":"privacy-policy","status":"publish","type":"page","link":"https:\/\/drcuno.aif-staging.com\/fr\/privacy-policy\/","title":{"rendered":"Privacy Policy"},"content":{"rendered":"<p>[et_pb_section fb_built=&#8221;1&#8243; custom_padding_last_edited=&#8221;on|phone&#8221; _builder_version=&#8221;4.27.4&#8243; _module_preset=&#8221;default&#8221; background_color=&#8221;#000000&#8243; use_background_color_gradient=&#8221;on&#8221; background_color_gradient_stops=&#8221;rgba(0,0,0,0.8) 0%|rgba(0,0,0,0.8) 100%&#8221; background_color_gradient_overlays_image=&#8221;on&#8221; background_image=&#8221;https:\/\/drcuno.aif-staging.com\/wp-content\/uploads\/2025\/05\/contact-appointment-mr-cuno-surgeon.jpg&#8221; custom_margin=&#8221;-80px||||false|false&#8221; custom_padding=&#8221;100px||||false|false&#8221; custom_padding_tablet=&#8221;80px||0px||false|false&#8221; custom_padding_phone=&#8221;50px||0px||false|false&#8221; global_colors_info=&#8221;{}&#8221;][et_pb_row column_structure=&#8221;2_3,1_3&#8243; custom_padding_last_edited=&#8221;on|phone&#8221; _builder_version=&#8221;4.27.4&#8243; _module_preset=&#8221;default&#8221; custom_padding_tablet=&#8221;0px||0px||true|false&#8221; custom_padding_phone=&#8221;0px||0px||true|false&#8221; global_colors_info=&#8221;{}&#8221;][et_pb_column type=&#8221;2_3&#8243; _builder_version=&#8221;4.27.4&#8243; _module_preset=&#8221;default&#8221; global_colors_info=&#8221;{}&#8221;][et_pb_text module_class=&#8221;gsap-diapo-up play-again revert&#8221; _builder_version=&#8221;4.27.4&#8243; _module_preset=&#8221;default&#8221; text_font=&#8221;|300|||||||&#8221; text_text_color=&#8221;#FFFFFF&#8221; text_font_size=&#8221;20px&#8221; text_letter_spacing=&#8221;1px&#8221; header_font=&#8221;|300|||||||&#8221; header_text_color=&#8221;#FFFFFF&#8221; header_font_size=&#8221;70px&#8221; max_width=&#8221;480px&#8221; max_width_tablet=&#8221;480px&#8221; max_width_phone=&#8221;480px&#8221; max_width_last_edited=&#8221;on|desktop&#8221; custom_margin=&#8221;50px||70px||false|false&#8221; custom_margin_tablet=&#8221;70px||70px||true|false&#8221; custom_margin_phone=&#8221;60px||60px||true|false&#8221; custom_margin_last_edited=&#8221;on|phone&#8221; hover_enabled=&#8221;0&#8243; header_font_size_tablet=&#8221;55px&#8221; header_font_size_phone=&#8221;35px&#8221; header_font_size_last_edited=&#8221;on|phone&#8221; global_colors_info=&#8221;{}&#8221; sticky_enabled=&#8221;0&#8243;]<\/p>\n<h1>Politique de confidentialit\u00e9<\/h1>\n<p>Center for facial, ENT and plastic surgery[\/et_pb_text][\/et_pb_column][et_pb_column type=&#8221;1_3&#8243; _builder_version=&#8221;4.27.4&#8243; _module_preset=&#8221;default&#8221; global_colors_info=&#8221;{}&#8221;][\/et_pb_column][\/et_pb_row][\/et_pb_section][et_pb_section fb_built=&#8221;1&#8243; _builder_version=&#8221;4.27.4&#8243; _module_preset=&#8221;default&#8221; custom_margin=&#8221;||||false|false&#8221; custom_margin_tablet=&#8221;||||false|false&#8221; custom_margin_phone=&#8221;||50px||false|false&#8221; custom_margin_last_edited=&#8221;off|tablet&#8221; link_option_url=&#8221;https:\/\/drcuno.aif-staging.com\/contact-us\/&#8221; global_colors_info=&#8221;{}&#8221;][et_pb_row custom_padding_last_edited=&#8221;on|tablet&#8221; _builder_version=&#8221;4.27.4&#8243; _module_preset=&#8221;default&#8221; custom_margin=&#8221;||||false|false&#8221; custom_margin_tablet=&#8221;||0px||false|false&#8221; custom_margin_last_edited=&#8221;off|desktop&#8221; custom_padding=&#8221;|5%||5%|false|true&#8221; custom_padding_tablet=&#8221;|0%|0px|0%|false|true&#8221; custom_padding_phone=&#8221;|0%|0px|0%|false|true&#8221; global_colors_info=&#8221;{}&#8221;][et_pb_column type=&#8221;4_4&#8243; _builder_version=&#8221;4.27.4&#8243; _module_preset=&#8221;default&#8221; global_colors_info=&#8221;{}&#8221;][et_pb_text _builder_version=&#8221;4.27.4&#8243; _module_preset=&#8221;default&#8221; text_font=&#8221;|&#8211;et_global_body_font_weight|||||||&#8221; text_line_height=&#8221;1.6em&#8221; max_width_phone=&#8221;500px&#8221; max_width_last_edited=&#8221;off|desktop&#8221; module_alignment=&#8221;left&#8221; custom_margin=&#8221;||15px||false|false&#8221; hover_enabled=&#8221;0&#8243; global_colors_info=&#8221;{}&#8221; sticky_enabled=&#8221;0&#8243;]We attach great importance to the protection of your data and the preservation of your privacy. Below we inform you in an easy-to-understand language about the collection and use of personal data when using our website.<\/p>\n<h2>Collecte, traitement et utilisation des donn\u00e9es \u00e0 caract\u00e8re personnel<\/h2>\n<p>Lorsque vous visitez notre site web swissplasticclinic.com, le serveur (serveur web) sur lequel se trouve notre site web enregistre automatiquement des informations dans ce que l'on appelle des \"fichiers journaux\". Outre l'heure, le navigateur et le syst\u00e8me d'exploitation, les informations enregistr\u00e9es dans les fichiers journaux comprennent \u00e9galement l'adresse IP de l'ordinateur. Les fichiers journaux g\u00e9n\u00e9r\u00e9s par le serveur web sont utilis\u00e9s par nous exclusivement \u00e0 des fins de s\u00e9curit\u00e9, par exemple pour enqu\u00eater sur un acc\u00e8s non autoris\u00e9 dans le cas d'une tentative de piratage, et ne sont jamais combin\u00e9s avec d'autres sources de donn\u00e9es. Notre serveur web est configur\u00e9 de mani\u00e8re \u00e0 ce que les fichiers journaux soient automatiquement effac\u00e9s avant l'expiration des d\u00e9lais l\u00e9gaux.<\/p>\n<p>Les autres donn\u00e9es personnelles (d\u00e9tails sur la situation personnelle ou factuelle d'une personne physique particuli\u00e8re ou identifiable) ne sont enregistr\u00e9es que dans le cadre que vous avez indiqu\u00e9. Le traitement et l'utilisation de toutes les donn\u00e9es personnelles ont lieu exclusivement pour l'ex\u00e9cution et le traitement de votre commande ainsi que pour le traitement de vos demandes. Apr\u00e8s la conclusion du contrat, les donn\u00e9es personnelles sont d'abord stock\u00e9es en tenant compte des d\u00e9lais de conservation fiscaux et commerciaux, puis supprim\u00e9es apr\u00e8s la date limite, \u00e0 moins que vous n'ayez consenti au traitement et \u00e0 l'utilisation ult\u00e9rieurs.<\/p>\n<h2>Collecte et traitement des donn\u00e9es personnelles \u00e0 l'aide du formulaire de contact<\/h2>\n<p>Lorsque vous utilisez le formulaire de contact, nous collectons des donn\u00e9es \u00e0 caract\u00e8re personnel (d\u00e9tails sur la situation personnelle ou factuelle d'une personne physique sp\u00e9cifique ou identifiable) uniquement dans le cadre que vous nous avez indiqu\u00e9. Nous n'utilisons votre adresse \u00e9lectronique que pour traiter votre demande. Vos donn\u00e9es seront ensuite supprim\u00e9es, \u00e0 moins que vous n'ayez consenti \u00e0 leur traitement et \u00e0 leur utilisation ult\u00e9rieurs.<\/p>\n<h2>Divulgation de donn\u00e9es \u00e0 caract\u00e8re personnel<\/h2>\n<p>Il n'y a pas de transfert de vos donn\u00e9es \u00e0 des tiers sans votre consentement. Seuls nos partenaires de service, dont nous avons besoin pour traiter la relation contractuelle, sont exclus de cette r\u00e8gle. La quantit\u00e9 de donn\u00e9es transmises est limit\u00e9e au minimum. Votre adresse \u00e9lectronique n'est \u00e0 aucun moment transmise au prestataire de services d'exp\u00e9dition.<\/p>\n<h2>Polices de caract\u00e8res Google<\/h2>\n<p>Ce site utilise des polices web fournies par Google pour la repr\u00e9sentation uniforme des polices. Lorsque vous appelez une page, votre navigateur charge les polices web requises dans la m\u00e9moire cache de votre navigateur afin d'afficher correctement les textes et les polices.<br \/>\nPour ce faire, le navigateur que vous utilisez doit se connecter aux serveurs de Google. Par cons\u00e9quent, Google apprend que notre site Internet a \u00e9t\u00e9 consult\u00e9 par le biais de votre adresse IP. L'utilisation de Google Web Fonts a pour but d'assurer une pr\u00e9sentation rapide et coh\u00e9rente de nos services en ligne. Il s'agit d'un int\u00e9r\u00eat l\u00e9gitime au sens de l'art. 6 para. 1 lit. f DSGVO.<\/p>\n<p>Si votre navigateur ne prend pas en charge les polices web, une police par d\u00e9faut sera utilis\u00e9e par votre ordinateur.<br \/>\nVous trouverez de plus amples informations sur les polices Web de Google \u00e0 l'adresse https:\/\/developers.google.com\/fonts\/faq et dans les r\u00e8gles de confidentialit\u00e9 de Google : <a href=\"https:\/\/www.google.com\/policies\/privacy\/\" target=\"_blank\" rel=\"noopener\">https:\/\/www.google.com\/policies\/privacy\/<\/a>.<\/p>\n<h2>Google Maps<\/h2>\n<p>Nous utilisons Google Maps pour vous aider \u00e0 vous rendre \u00e0 notre entreprise.<br \/>\nL'utilisation de Google Maps est dans l'int\u00e9r\u00eat d'une pr\u00e9sentation attrayante de nos offres en ligne et d'une localisation facile du lieu que nous avons indiqu\u00e9 sur le site web. Il s'agit d'un int\u00e9r\u00eat l\u00e9gitime au sens de l'art. 6 para. 1 lit. f DSGVO.<\/p>\n<p>Pour plus d'informations sur le traitement des donn\u00e9es des utilisateurs, veuillez consulter les r\u00e8gles de confidentialit\u00e9 de Google : <a href=\"https:\/\/www.google.com\/intl\/en\/policies\/privacy\/\" target=\"_blank\" rel=\"noopener\">https:\/\/www.google.com\/intl\/en\/policies\/privacy\/<\/a>.<br \/>\nPour plus d'informations sur Google Maps, visitez le site : <a href=\"https:\/\/www.google.com\/intl\/en_uk\/help\/terms_maps.html\" target=\"_blank\" rel=\"noopener\">https:\/\/www.google.com\/intl\/en_uk\/help\/terms_maps.html<\/a><\/p>\n<h2>Cookies<\/h2>\n<p>Nos sites web utilisent \u00e0 plusieurs endroits des cookies dits \"techniquement n\u00e9cessaires\". Les cookies sont de petits fichiers texte qui sont stock\u00e9s dans votre navigateur. Ils servent \u00e0 rendre notre offre plus fonctionnelle et plus s\u00fbre et repr\u00e9sentent donc un int\u00e9r\u00eat l\u00e9gitime au sens de l'art. 6 (1) lit. En outre, les cookies permettent au syst\u00e8me du site web de reconna\u00eetre votre navigateur et donc de vous fournir la version optimale du site web - qu'il s'agisse de la version de bureau ou d'une version optimis\u00e9e pour les appareils mobiles.<\/p>\n<h2>Acc\u00e8s, rectification, blocage et suppression des donn\u00e9es<\/h2>\n<p>You have the right to information about your stored data as well as the right of deletion at any time.[\/et_pb_text][et_pb_button button_url=&#8221;https:\/\/drcuno.aif-staging.com\/contact-us\/&#8221; button_text=&#8221;Contact us&#8221; _builder_version=&#8221;4.27.4&#8243; _module_preset=&#8221;default&#8221; custom_button=&#8221;on&#8221; button_text_size=&#8221;14px&#8221; button_text_color=&#8221;#FFFFFF&#8221; button_bg_color=&#8221;#000000&#8243; button_border_width=&#8221;1px&#8221; button_border_color=&#8221;#000000&#8243; button_border_radius=&#8221;25px&#8221; button_letter_spacing=&#8221;1px&#8221; button_font=&#8221;&#8211;et_global_body_font|500|||||||&#8221; button_use_icon=&#8221;off&#8221; custom_margin_tablet=&#8221;20px||20px||true|false&#8221; custom_margin_phone=&#8221;20px||20px||true|false&#8221; custom_margin_last_edited=&#8221;on|tablet&#8221; custom_padding=&#8221;6px|20px|6px|20px|true|true&#8221; global_colors_info=&#8221;{}&#8221; button_text_color__hover=&#8221;#000000&#8243; button_text_color__hover_enabled=&#8221;on|desktop&#8221; button_bg_color__hover=&#8221;RGBA(255,255,255,0)&#8221; button_bg_color__hover_enabled=&#8221;on|desktop&#8221; button_border_color__hover=&#8221;#FFFFFF&#8221; button_border_color__hover_enabled=&#8221;off|desktop&#8221; button_bg_enable_color__hover=&#8221;on&#8221;][\/et_pb_button][\/et_pb_column][\/et_pb_row][\/et_pb_section]<\/p>","protected":false},"excerpt":{"rendered":"<p>Privacy Statement Center for facial, ENT and plastic surgeryWe attach great importance to the protection of your data and the preservation of your privacy. Below we inform you in an easy-to-understand language about the collection and use of personal data when using our website. Collection, processing and use of personal data When visiting our website [&hellip;]<\/p>","protected":false},"author":1,"featured_media":0,"parent":0,"menu_order":0,"comment_status":"closed","ping_status":"open","template":"","meta":{"_et_pb_use_builder":"on","_et_pb_old_content":"<!-- wp:heading -->\r\n<h1><span style=\"font-weight: 400;\">Privacy Statement<\/span><\/h1>\r\n<p><span style=\"font-weight: 400;\">We attach great importance to the protection of your data and the preservation of your privacy. Below we inform you in an easy-to-understand language about the collection and use of personal data when using our website.<\/span><\/p>\r\n<h2 class=\"wp-block-heading\">Who we are<\/h2>\r\n<!-- \/wp:heading -->\r\n\r\n<!-- wp:paragraph -->\r\n<p>Our website address is: http:\/\/drcuno.com.<\/p>\r\n<!-- \/wp:paragraph -->\r\n\r\n<!-- wp:heading -->\r\n<h2><span style=\"font-weight: 400;\">Collection, processing and use of personal data<\/span><\/h2>\r\n<p><span style=\"font-weight: 400;\">When visiting our website swissplasticclinic.com, the server (web server) on which our website is located automatically saves information in so-called \u201clog files\u201d. In addition to the time, browser and operating system, the information stored in the log files also includes the IP address of a computer. The log files generated by the web server are used by us exclusively for security-related purposes, such as for the investigation of unauthorized access in the case of a hacking attempt and never combined with other data sources. Our web server is configured so that the logfiles are automatically deleted before the expiry of the statutory deadlines.<\/span><\/p>\r\n<p><span style=\"font-weight: 400;\">Other personal data (details about personal or factual circumstances of a particular or identifiable natural person) will only be recorded in the scope provided by you. The processing and use of all personal data takes place exclusively for the fulfillment and processing of your order as well as for processing your requests. After completion of the contract, the personal data are first stored under consideration of tax and commercial retention periods and then deleted after the deadline, unless you have consented to the further processing and use.<\/span><\/p>\r\n<h2><span style=\"font-weight: 400;\">Collection and processing of personal data using the contact form<\/span><\/h2>\r\n<p><span style=\"font-weight: 400;\">When using the contact form, we collect personal data (details about personal or factual circumstances of a specific or identifiable natural person) only in the scope provided by you. We only use your e-mail address to process your request. Your data will then be deleted, unless you have consented to further processing and use.<\/span><\/p>\r\n<h2><span style=\"font-weight: 400;\">Disclosure of personal data<\/span><\/h2>\r\n<p><span style=\"font-weight: 400;\">There is no transfer of your data to third parties without your consent. Excluded from this are only our service partners, which we need to process the contractual relationship. The amount of data transmission is limited to a minimum. Your e-mail address will not be forwarded to the shipping service provider at any time.<\/span><\/p>\r\n<h2><span style=\"font-weight: 400;\">Google Web Fonts<\/span><\/h2>\r\n<p><span style=\"font-weight: 400;\">This site uses so-called web fonts provided by Google for the uniform representation of fonts. When you call up a page, your browser loads the required web fonts into your browser cache to correctly display texts and fonts.<\/span><span style=\"font-weight: 400;\"><br \/><\/span><span style=\"font-weight: 400;\">To do this, the browser you use must connect to Google\u2019s servers. As a result, Google learns that our website has been accessed via your IP address. The use of Google Web Fonts is in the interest of a consistently responsive and fast presentation of our online services. This constitutes a legitimate interest within the meaning of Art. 6 para. 1 lit. f DSGVO.<\/span><span style=\"font-weight: 400;\"><br \/><\/span><span style=\"font-weight: 400;\">If your browser does not support web fonts, a default font will be used by your computer.<\/span><span style=\"font-weight: 400;\"><br \/><\/span><span style=\"font-weight: 400;\">More information about Google Web Fonts can be found at https:\/\/developers.google.com\/fonts\/faq and in Google\u2019s Privacy Policy: https:\/\/www.google.com\/policies\/privacy\/.<\/span><\/p>\r\n<h2><span style=\"font-weight: 400;\">Google Maps<\/span><\/h2>\r\n<p><span style=\"font-weight: 400;\">We use Google Maps to help you get to our business.<\/span><\/p>\r\n<p><span style=\"font-weight: 400;\">The use of Google Maps is in the interest of an attractive presentation of our online offers and an easy findability of the place we have indicated on the website. This constitutes a legitimate interest within the meaning of Art. 6 para. 1 lit. f DSGVO.<\/span><\/p>\r\n<p><span style=\"font-weight: 400;\">For more information on how user data is handled, please refer to the Google Privacy Policy: https:\/\/www.google.com\/intl\/en\/policies\/privacy\/.<\/span><\/p>\r\n<p><span style=\"font-weight: 400;\">For more information about Google Maps, visit: https:\/\/www.google.com\/intl\/en_uk\/help\/terms_maps.html<\/span><\/p>\r\n<h2><span style=\"font-weight: 400;\">Cookies<\/span><\/h2>\r\n<p><span style=\"font-weight: 400;\">Our websites use so-called technically necessary cookies in several places. Cookies are small text files that are stored in your browser. They serve to make our offer more functional and secure, and thus represent a legitimate interest within the meaning of Art. 6 (1) lit. Furthermore, cookies enable the website system to recognize your browser and thus deliver the optimal version of the website \u2013 be it the desktop version or a version optimized for mobile devices.<\/span><\/p>\r\n<h2><span style=\"font-weight: 400;\">Access, rectification, blocking and deletion of data<\/span><\/h2>\r\n<p><span style=\"font-weight: 400;\">You have the right to information about your stored data as well as the right of deletion at any time. Contact us.<\/span><\/p>\r\n<!-- \/wp:paragraph -->\r\n<p>\u00a0<\/p>","_et_gb_content_width":"","footnotes":""},"class_list":["post-3","page","type-page","status-publish","hentry"],"_links":{"self":[{"href":"https:\/\/drcuno.aif-staging.com\/fr\/wp-json\/wp\/v2\/pages\/3","targetHints":{"allow":["GET"]}}],"collection":[{"href":"https:\/\/drcuno.aif-staging.com\/fr\/wp-json\/wp\/v2\/pages"}],"about":[{"href":"https:\/\/drcuno.aif-staging.com\/fr\/wp-json\/wp\/v2\/types\/page"}],"author":[{"embeddable":true,"href":"https:\/\/drcuno.aif-staging.com\/fr\/wp-json\/wp\/v2\/users\/1"}],"replies":[{"embeddable":true,"href":"https:\/\/drcuno.aif-staging.com\/fr\/wp-json\/wp\/v2\/comments?post=3"}],"version-history":[{"count":7,"href":"https:\/\/drcuno.aif-staging.com\/fr\/wp-json\/wp\/v2\/pages\/3\/revisions"}],"predecessor-version":[{"id":1455,"href":"https:\/\/drcuno.aif-staging.com\/fr\/wp-json\/wp\/v2\/pages\/3\/revisions\/1455"}],"wp:attachment":[{"href":"https:\/\/drcuno.aif-staging.com\/fr\/wp-json\/wp\/v2\/media?parent=3"}],"curies":[{"name":"wp","href":"https:\/\/api.w.org\/{rel}","templated":true}]}}