{"id":467,"date":"2025-05-15T14:37:40","date_gmt":"2025-05-15T14:37:40","guid":{"rendered":"https:\/\/drcuno.aif-staging.com\/?page_id=467"},"modified":"2025-05-23T10:22:11","modified_gmt":"2025-05-23T10:22:11","slug":"insights","status":"publish","type":"page","link":"https:\/\/drcuno.aif-staging.com\/fr\/insights\/","title":{"rendered":"Blog"},"content":{"rendered":"<p>[et_pb_section fb_built=&#8221;1&#8243; custom_padding_last_edited=&#8221;on|phone&#8221; _builder_version=&#8221;4.27.4&#8243; _module_preset=&#8221;default&#8221; background_color=&#8221;#000000&#8243; use_background_color_gradient=&#8221;on&#8221; background_color_gradient_stops=&#8221;rgba(0,0,0,0.8) 0%|rgba(0,0,0,0.8) 100%&#8221; background_color_gradient_overlays_image=&#8221;on&#8221; background_image=&#8221;https:\/\/drcuno.aif-staging.com\/wp-content\/uploads\/2025\/05\/news-articles-surgery-world.jpg&#8221; custom_margin=&#8221;-80px||||false|false&#8221; custom_padding=&#8221;100px||||false|false&#8221; custom_padding_tablet=&#8221;80px||0px||false|false&#8221; custom_padding_phone=&#8221;50px||0px||false|false&#8221; global_colors_info=&#8221;{}&#8221;][et_pb_row column_structure=&#8221;2_3,1_3&#8243; custom_padding_last_edited=&#8221;on|phone&#8221; _builder_version=&#8221;4.27.4&#8243; _module_preset=&#8221;default&#8221; custom_padding_tablet=&#8221;0px||0px||true|false&#8221; custom_padding_phone=&#8221;0px||0px||true|false&#8221; global_colors_info=&#8221;{}&#8221;][et_pb_column type=&#8221;2_3&#8243; _builder_version=&#8221;4.27.4&#8243; _module_preset=&#8221;default&#8221; global_colors_info=&#8221;{}&#8221;][et_pb_text module_class=&#8221;gsap-diapo-up play-again revert&#8221; _builder_version=&#8221;4.27.4&#8243; _module_preset=&#8221;default&#8221; text_font=&#8221;|300|||||||&#8221; text_text_color=&#8221;#FFFFFF&#8221; text_font_size=&#8221;20px&#8221; text_letter_spacing=&#8221;1px&#8221; header_font=&#8221;|300|||||||&#8221; header_text_color=&#8221;#FFFFFF&#8221; header_font_size=&#8221;70px&#8221; max_width=&#8221;580px&#8221; max_width_tablet=&#8221;480px&#8221; max_width_phone=&#8221;480px&#8221; max_width_last_edited=&#8221;on|tablet&#8221; custom_margin=&#8221;50px||70px||false|false&#8221; custom_margin_tablet=&#8221;70px||70px||true|false&#8221; custom_margin_phone=&#8221;60px||60px||true|false&#8221; custom_margin_last_edited=&#8221;on|phone&#8221; header_font_size_tablet=&#8221;55px&#8221; header_font_size_phone=&#8221;35px&#8221; header_font_size_last_edited=&#8221;on|phone&#8221; global_colors_info=&#8221;{}&#8221;]<\/p>\n<h1>Retrouvez les derni\u00e8res nouvelles de la Clinique et du monde de la chirurgie<\/h1>\n<p>[\/et_pb_text][\/et_pb_column][et_pb_column type=&#8221;1_3&#8243; _builder_version=&#8221;4.27.4&#8243; _module_preset=&#8221;default&#8221; global_colors_info=&#8221;{}&#8221;][\/et_pb_column][\/et_pb_row][\/et_pb_section][et_pb_section fb_built=&#8221;1&#8243; custom_padding_last_edited=&#8221;off|desktop&#8221; _builder_version=&#8221;4.27.4&#8243; _module_preset=&#8221;default&#8221; background_color=&#8221;#f3f3f3&#8243; custom_padding=&#8221;||80px||false|false&#8221; global_colors_info=&#8221;{}&#8221;][et_pb_row _builder_version=&#8221;4.27.4&#8243; _module_preset=&#8221;default&#8221; global_colors_info=&#8221;{}&#8221;][et_pb_column type=&#8221;4_4&#8243; _builder_version=&#8221;4.27.4&#8243; _module_preset=&#8221;default&#8221; global_colors_info=&#8221;{}&#8221;][et_pb_code _builder_version=&#8221;4.27.4&#8243; _module_preset=&#8221;default&#8221; global_colors_info=&#8221;{}&#8221;]<div id=\"custom_blog_69fb292a8ea16\" class=\"custom-blog-wrap\"><div class=\"custom-post\"><div class=\"custom-post-image\" style=\"background-image: url(https:\/\/drcuno.aif-staging.com\/wp-content\/uploads\/2025\/05\/facial-surgery-operation-in-geneva-1024x499.jpg);\"><\/div><div class=\"custom-post-content\"><h2>NEW BLOG POST - Comment r\u00e9duire le gonflement post-op\u00e9ratoire apr\u00e8s une rhinoplastie ?<\/h2><p>Modifier ce nouveau texte - Le gonflement est une \u00e9tape tout \u00e0 fait normale du r\u00e9tablissement apr\u00e8s une rhinoplastie, mais outre la technique et l'exp\u00e9rience du chirurgien, il existe des moyens pour les patients de r\u00e9duire le gonflement et d'acc\u00e9l\u00e9rer le r\u00e9tablissement.\u00a0<\/p><p><a class=\"custom-read-more to-italic\" href=\"https:\/\/drcuno.aif-staging.com\/fr\/new-blog-post\/\">En savoir plus<\/a><\/p><\/div><\/div><div class=\"custom-post\"><div class=\"custom-post-image\" style=\"background-image: url(https:\/\/drcuno.aif-staging.com\/wp-content\/uploads\/2025\/05\/facial-surgery-operation-in-geneva-1024x499.jpg);\"><\/div><div class=\"custom-post-content\"><h2>Lorem ipsum dolor sit amet<\/h2><p>Lorem ipsum dolor sit amet consectetur. Auctor massa ultrices pellentesque risus feugiat et venenatis sed. Arcu egestas scelerisque magnis nisl nunc. Luctus id in sit in. Non.<\/p><p><a class=\"custom-read-more to-italic\" href=\"https:\/\/drcuno.aif-staging.com\/fr\/lorem-ipsum-dolor-sit-amet-6\/\">En savoir plus<\/a><\/p><\/div><\/div><div class=\"custom-post\"><div class=\"custom-post-image\" style=\"background-image: url(https:\/\/drcuno.aif-staging.com\/wp-content\/uploads\/2025\/05\/facial-surgery-operation-in-geneva-1024x499.jpg);\"><\/div><div class=\"custom-post-content\"><h2>Comment r\u00e9duire le gonflement post-op\u00e9ratoire apr\u00e8s une rhinoplastie ?<\/h2><p>Nouvel extrait - Le gonflement est une \u00e9tape tout \u00e0 fait normale du r\u00e9tablissement apr\u00e8s une rhinoplastie, mais outre la technique et l'exp\u00e9rience du chirurgien, il existe des moyens pour les patients de r\u00e9duire le gonflement et d'acc\u00e9l\u00e9rer le r\u00e9tablissement.\u00a0<\/p><p><a class=\"custom-read-more to-italic\" href=\"https:\/\/drcuno.aif-staging.com\/fr\/how-to-reduce-post-operative-swelling-after-a-rhinoplasty\/\">En savoir plus<\/a><\/p><\/div><\/div><div class=\"custom-post\"><div class=\"custom-post-image\" style=\"background-image: url(https:\/\/drcuno.aif-staging.com\/wp-content\/uploads\/2025\/05\/facial-surgery-operation-in-geneva-1024x499.jpg);\"><\/div><div class=\"custom-post-content\"><h2>Lorem ipsum dolor sit amet<\/h2><p>Lorem ipsum dolor sit amet consectetur. Auctor massa ultrices pellentesque risus feugiat et venenatis sed. Arcu egestas scelerisque magnis nisl nunc. Luctus id in sit in. Non.<\/p><p><a class=\"custom-read-more to-italic\" href=\"https:\/\/drcuno.aif-staging.com\/fr\/lorem-ipsum-dolor-sit-amet\/\">En savoir plus<\/a><\/p><\/div><\/div><\/div>\r\n    <div class=\"custom-load-more-wrapper\">\r\n        <span class=\"custom-load-more-link\">En savoir plus<\/span>\r\n        <img decoding=\"async\" class=\"custom-load-more-icon\" src=\"https:\/\/drcuno.aif-staging.com\/wp-content\/uploads\/2025\/05\/load-more-icon.png\" alt=\"Load More Icon\">\r\n    <\/div>[\/et_pb_code][\/et_pb_column][\/et_pb_row][\/et_pb_section]<\/p>","protected":false},"excerpt":{"rendered":"<p>[et_pb_section fb_built=&#8221;1&#8243; custom_padding_last_edited=&#8221;on|phone&#8221; _builder_version=&#8221;4.27.4&#8243; _module_preset=&#8221;default&#8221; background_color=&#8221;#000000&#8243; use_background_color_gradient=&#8221;on&#8221; background_color_gradient_stops=&#8221;rgba(0,0,0,0.8) 0%|rgba(0,0,0,0.8) 100%&#8221; background_color_gradient_overlays_image=&#8221;on&#8221; background_image=&#8221;https:\/\/drcuno.aif-staging.com\/wp-content\/uploads\/2025\/05\/news-articles-surgery-world.jpg&#8221; custom_margin=&#8221;-80px||||false|false&#8221; custom_padding=&#8221;100px||||false|false&#8221; custom_padding_tablet=&#8221;80px||0px||false|false&#8221; custom_padding_phone=&#8221;50px||0px||false|false&#8221; global_colors_info=&#8221;{}&#8221;][et_pb_row column_structure=&#8221;2_3,1_3&#8243; custom_padding_last_edited=&#8221;on|phone&#8221; _builder_version=&#8221;4.27.4&#8243; _module_preset=&#8221;default&#8221; custom_padding_tablet=&#8221;0px||0px||true|false&#8221; custom_padding_phone=&#8221;0px||0px||true|false&#8221; global_colors_info=&#8221;{}&#8221;][et_pb_column type=&#8221;2_3&#8243; _builder_version=&#8221;4.27.4&#8243; _module_preset=&#8221;default&#8221; global_colors_info=&#8221;{}&#8221;][et_pb_text module_class=&#8221;gsap-diapo-up play-again revert&#8221; _builder_version=&#8221;4.27.4&#8243; _module_preset=&#8221;default&#8221; text_font=&#8221;|300|||||||&#8221; text_text_color=&#8221;#FFFFFF&#8221; text_font_size=&#8221;20px&#8221; text_letter_spacing=&#8221;1px&#8221; header_font=&#8221;|300|||||||&#8221; header_text_color=&#8221;#FFFFFF&#8221; header_font_size=&#8221;70px&#8221; max_width=&#8221;580px&#8221; max_width_tablet=&#8221;480px&#8221; max_width_phone=&#8221;480px&#8221; max_width_last_edited=&#8221;on|tablet&#8221; custom_margin=&#8221;50px||70px||false|false&#8221; custom_margin_tablet=&#8221;70px||70px||true|false&#8221; custom_margin_phone=&#8221;60px||60px||true|false&#8221; custom_margin_last_edited=&#8221;on|phone&#8221; header_font_size_tablet=&#8221;55px&#8221; header_font_size_phone=&#8221;35px&#8221; header_font_size_last_edited=&#8221;on|phone&#8221; global_colors_info=&#8221;{}&#8221;] Find the latest [&hellip;]<\/p>","protected":false},"author":1,"featured_media":0,"parent":0,"menu_order":0,"comment_status":"closed","ping_status":"closed","template":"","meta":{"_et_pb_use_builder":"on","_et_pb_old_content":"","_et_gb_content_width":"","footnotes":""},"class_list":["post-467","page","type-page","status-publish","hentry"],"_links":{"self":[{"href":"https:\/\/drcuno.aif-staging.com\/fr\/wp-json\/wp\/v2\/pages\/467","targetHints":{"allow":["GET"]}}],"collection":[{"href":"https:\/\/drcuno.aif-staging.com\/fr\/wp-json\/wp\/v2\/pages"}],"about":[{"href":"https:\/\/drcuno.aif-staging.com\/fr\/wp-json\/wp\/v2\/types\/page"}],"author":[{"embeddable":true,"href":"https:\/\/drcuno.aif-staging.com\/fr\/wp-json\/wp\/v2\/users\/1"}],"replies":[{"embeddable":true,"href":"https:\/\/drcuno.aif-staging.com\/fr\/wp-json\/wp\/v2\/comments?post=467"}],"version-history":[{"count":12,"href":"https:\/\/drcuno.aif-staging.com\/fr\/wp-json\/wp\/v2\/pages\/467\/revisions"}],"predecessor-version":[{"id":805,"href":"https:\/\/drcuno.aif-staging.com\/fr\/wp-json\/wp\/v2\/pages\/467\/revisions\/805"}],"wp:attachment":[{"href":"https:\/\/drcuno.aif-staging.com\/fr\/wp-json\/wp\/v2\/media?parent=467"}],"curies":[{"name":"wp","href":"https:\/\/api.w.org\/{rel}","templated":true}]}}